{"id":2,"date":"2008-12-27T23:17:40","date_gmt":"2008-12-27T22:17:40","guid":{"rendered":"http:\/\/web167.alfa1023.alfahosting-server.de\/wordpress\/wordpress\/?page_id=2"},"modified":"2026-02-25T07:21:31","modified_gmt":"2026-02-25T06:21:31","slug":"ueber","status":"publish","type":"page","link":"http:\/\/www.hieristdasrezept.de\/","title":{"rendered":"Herzlich willkommen!"},"content":{"rendered":"<p>Willkommen zu meiner Rezeptsammlung.<\/p>\n<p>Ich muss jetzt nicht st\u00e4ndig nach den Lieblingsrezepten googlen, in zig Kochb\u00fcchern danach w\u00e4lzen oder nach losen Zetteln suchen. ;-)<\/p>\n<p>Nachdem eine Jury unabh\u00e4ngiger Gaumen das Okay gegeben hat, werde ich hier immer wieder neue Rezepte posten.<\/p>\n<p>Nun viel Spa\u00df beim St\u00f6bern, Ausprobieren und Genie\u00dfen.<\/p>\n<p>Sch\u00f6nen Gru\u00df<br \/>\nOliver<\/p>\n","protected":false},"excerpt":{"rendered":"<p>Willkommen zu meiner Rezeptsammlung. Ich muss jetzt nicht st\u00e4ndig nach den Lieblingsrezepten googlen, in zig Kochb\u00fcchern danach w\u00e4lzen oder nach losen Zetteln suchen. ;-) Nachdem eine Jury unabh\u00e4ngiger Gaumen das Okay gegeben hat, werde ich hier immer wieder neue Rezepte posten. Nun viel Spa\u00df beim St\u00f6bern, Ausprobieren und Genie\u00dfen. Sch\u00f6nen Gru\u00df Oliver<\/p>\n","protected":false},"author":1,"featured_media":0,"parent":0,"menu_order":0,"comment_status":"closed","ping_status":"open","template":"","meta":{"footnotes":""},"class_list":["post-2","page","type-page","status-publish","hentry"],"_links":{"self":[{"href":"http:\/\/www.hieristdasrezept.de\/index.php?rest_route=\/wp\/v2\/pages\/2","targetHints":{"allow":["GET"]}}],"collection":[{"href":"http:\/\/www.hieristdasrezept.de\/index.php?rest_route=\/wp\/v2\/pages"}],"about":[{"href":"http:\/\/www.hieristdasrezept.de\/index.php?rest_route=\/wp\/v2\/types\/page"}],"author":[{"embeddable":true,"href":"http:\/\/www.hieristdasrezept.de\/index.php?rest_route=\/wp\/v2\/users\/1"}],"replies":[{"embeddable":true,"href":"http:\/\/www.hieristdasrezept.de\/index.php?rest_route=%2Fwp%2Fv2%2Fcomments&post=2"}],"version-history":[{"count":7,"href":"http:\/\/www.hieristdasrezept.de\/index.php?rest_route=\/wp\/v2\/pages\/2\/revisions"}],"predecessor-version":[{"id":696,"href":"http:\/\/www.hieristdasrezept.de\/index.php?rest_route=\/wp\/v2\/pages\/2\/revisions\/696"}],"wp:attachment":[{"href":"http:\/\/www.hieristdasrezept.de\/index.php?rest_route=%2Fwp%2Fv2%2Fmedia&parent=2"}],"curies":[{"name":"wp","href":"https:\/\/api.w.org\/{rel}","templated":true}]}}