{"id":11,"date":"2008-12-29T12:27:19","date_gmt":"2008-12-29T11:27:19","guid":{"rendered":"http:\/\/web167.alfa1023.alfahosting-server.de\/wordpress\/?page_id=11"},"modified":"2009-11-08T21:20:02","modified_gmt":"2009-11-08T20:20:02","slug":"about","status":"publish","type":"page","link":"http:\/\/www.hieristdasrezept.de\/?page_id=11","title":{"rendered":"About"},"content":{"rendered":"<p>Nachdem ich mal wieder auf der Suche nach einem bestimmten Rezept war oder auch schon \u00f6fter nach einem Rezept gefragt wurde, habe ich mich entschlossen diese zu ver\u00f6ffentlichen. Alle Rezepte sind getestet und f\u00fcr gut befunden worden. Das ist nat\u00fcrlich Geschmacksache und so wird der ein oder andere hier leider nicht sein zuk\u00fcnftiges Leibgericht finden. Allen anderen w\u00fcnsche ich viel Spa\u00df bei der Zubereitung und sage <strong>Guten Appetit<\/strong> bzw. <strong>Prost<\/strong>!<\/p>\n","protected":false},"excerpt":{"rendered":"<p>Nachdem ich mal wieder auf der Suche nach einem bestimmten Rezept war oder auch schon \u00f6fter nach einem Rezept gefragt wurde, habe ich mich entschlossen diese zu ver\u00f6ffentlichen. Alle Rezepte sind getestet und f\u00fcr gut befunden worden. Das ist nat\u00fcrlich Geschmacksache und so wird der ein oder andere hier leider nicht sein zuk\u00fcnftiges Leibgericht finden. [&hellip;]<\/p>\n","protected":false},"author":1,"featured_media":0,"parent":0,"menu_order":0,"comment_status":"closed","ping_status":"open","template":"","meta":{"footnotes":""},"class_list":["post-11","page","type-page","status-publish","hentry"],"_links":{"self":[{"href":"http:\/\/www.hieristdasrezept.de\/index.php?rest_route=\/wp\/v2\/pages\/11","targetHints":{"allow":["GET"]}}],"collection":[{"href":"http:\/\/www.hieristdasrezept.de\/index.php?rest_route=\/wp\/v2\/pages"}],"about":[{"href":"http:\/\/www.hieristdasrezept.de\/index.php?rest_route=\/wp\/v2\/types\/page"}],"author":[{"embeddable":true,"href":"http:\/\/www.hieristdasrezept.de\/index.php?rest_route=\/wp\/v2\/users\/1"}],"replies":[{"embeddable":true,"href":"http:\/\/www.hieristdasrezept.de\/index.php?rest_route=%2Fwp%2Fv2%2Fcomments&post=11"}],"version-history":[{"count":12,"href":"http:\/\/www.hieristdasrezept.de\/index.php?rest_route=\/wp\/v2\/pages\/11\/revisions"}],"predecessor-version":[{"id":14,"href":"http:\/\/www.hieristdasrezept.de\/index.php?rest_route=\/wp\/v2\/pages\/11\/revisions\/14"}],"wp:attachment":[{"href":"http:\/\/www.hieristdasrezept.de\/index.php?rest_route=%2Fwp%2Fv2%2Fmedia&parent=11"}],"curies":[{"name":"wp","href":"https:\/\/api.w.org\/{rel}","templated":true}]}}